{"id":1184,"date":"2016-05-11T10:08:56","date_gmt":"2016-05-11T09:08:56","guid":{"rendered":"http:\/\/demo.mypits.org:10055\/?page_id=1184"},"modified":"2024-04-01T07:19:38","modified_gmt":"2024-04-01T06:19:38","slug":"manfred-trutsch","status":"publish","type":"page","link":"https:\/\/aftrustees.com\/en\/manfred-trutsch\/","title":{"rendered":"MANFRED TR\u00dcTSCH"},"content":{"rendered":"<p>Manfred Tr\u00fctsch joined Allied Finance Asset Management in 2016 as Member of the Board of Directors. Manfred Tr\u00fctsch is Founder and Delegate of AVA Actiengesellschaft f\u00fcr Verm\u00f6gensanlagen in Switzerland (since 2000) and AVA Aktiengesellschaft f\u00fcr Verm\u00f6gensanlagen in Vaduz (2007 \u2013 2016). Mr. Tr\u00fctsch has many years of experience in servicing and advising private and institutional asset management clients. He completed his law studies at the University of Bern and earned a federal diploma as a sales manager and worked for various institutions in Zurich, Paris, St Gallen and Liechtenstein.<\/p>\n<p><span style=\"text-decoration: underline;\"><a class=\"back-link\" href=\"#\">BACK<\/a><\/span><\/p>\n","protected":false},"excerpt":{"rendered":"<p>Manfred Tr\u00fctsch joined Allied Finance Asset Management in 2016 as Member of the Board of Directors. Manfred Tr\u00fctsch is Founder and Delegate of AVA Actiengesellschaft f\u00fcr Verm\u00f6gensanlagen in Switzerland (since 2000) and AVA Aktiengesellschaft f\u00fcr Verm\u00f6gensanlagen in Vaduz (2007 \u2013 2016). Mr. Tr\u00fctsch has many years of experience in servicing and advising private and institutional [&hellip;]<\/p>\n","protected":false},"author":2,"featured_media":0,"parent":0,"menu_order":0,"comment_status":"closed","ping_status":"closed","template":"page-templates\/inner-page-template.php","meta":{"_acf_changed":false,"footnotes":""},"class_list":["post-1184","page","type-page","status-publish","hentry"],"acf":[],"_links":{"self":[{"href":"https:\/\/aftrustees.com\/en\/wp-json\/wp\/v2\/pages\/1184","targetHints":{"allow":["GET"]}}],"collection":[{"href":"https:\/\/aftrustees.com\/en\/wp-json\/wp\/v2\/pages"}],"about":[{"href":"https:\/\/aftrustees.com\/en\/wp-json\/wp\/v2\/types\/page"}],"author":[{"embeddable":true,"href":"https:\/\/aftrustees.com\/en\/wp-json\/wp\/v2\/users\/2"}],"replies":[{"embeddable":true,"href":"https:\/\/aftrustees.com\/en\/wp-json\/wp\/v2\/comments?post=1184"}],"version-history":[{"count":8,"href":"https:\/\/aftrustees.com\/en\/wp-json\/wp\/v2\/pages\/1184\/revisions"}],"predecessor-version":[{"id":1738,"href":"https:\/\/aftrustees.com\/en\/wp-json\/wp\/v2\/pages\/1184\/revisions\/1738"}],"wp:attachment":[{"href":"https:\/\/aftrustees.com\/en\/wp-json\/wp\/v2\/media?parent=1184"}],"curies":[{"name":"wp","href":"https:\/\/api.w.org\/{rel}","templated":true}]}}